{"id":170,"date":"2026-03-25T19:09:57","date_gmt":"2026-03-25T19:09:57","guid":{"rendered":"https:\/\/zebrainversion.com\/sobre-nosotros\/"},"modified":"2026-03-25T19:44:27","modified_gmt":"2026-03-25T19:44:27","slug":"sobre-nosotros","status":"publish","type":"page","link":"https:\/\/zebrainversion.com\/en\/sobre-nosotros\/","title":{"rendered":"Sobre Nosotros"},"content":{"rendered":"\t\t<div data-elementor-type=\"wp-page\" data-elementor-id=\"170\" class=\"elementor elementor-170\">\n\t\t\t\t<div class=\"elementor-element elementor-element-97d4add twbb_section e-flex e-con-boxed e-con e-parent\" data-id=\"97d4add\" data-element_type=\"container\" id=\"hero\" data-settings=\"{&quot;background_background&quot;:&quot;classic&quot;,&quot;background_motion_fx_motion_fx_scrolling&quot;:&quot;yes&quot;,&quot;background_motion_fx_scale_effect&quot;:&quot;yes&quot;,&quot;background_motion_fx_scale_speed&quot;:{&quot;unit&quot;:&quot;px&quot;,&quot;size&quot;:7,&quot;sizes&quot;:[]},&quot;background_motion_fx_scale_direction&quot;:&quot;out-in&quot;,&quot;background_motion_fx_scale_range&quot;:{&quot;unit&quot;:&quot;%&quot;,&quot;size&quot;:&quot;&quot;,&quot;sizes&quot;:{&quot;start&quot;:20,&quot;end&quot;:80}},&quot;background_motion_fx_devices&quot;:[&quot;desktop&quot;,&quot;tablet&quot;,&quot;mobile&quot;]}\">\n\t\t\t\t\t<div class=\"e-con-inner\">\n\t\t\t\t<div class=\"elementor-element elementor-element-2b293da6 elementor-widget__width-initial elementor-widget-mobile__width-inherit elementor-widget-tablet__width-initial elementor-invisible elementor-widget elementor-widget-heading\" data-id=\"2b293da6\" data-element_type=\"widget\" data-settings=\"{&quot;_animation&quot;:&quot;fadeInUp&quot;}\" data-widget_type=\"heading.default\">\n\t\t\t\t\t<h2 class=\"elementor-heading-title elementor-size-default\">Con\u00f3cenos<\/h2>\t\t\t\t<\/div>\n\t\t\t\t<div class=\"elementor-element elementor-element-68e40bd6 elementor-widget__width-initial elementor-widget-mobile__width-inherit elementor-widget-tablet__width-initial elementor-invisible elementor-widget elementor-widget-text-editor\" data-id=\"68e40bd6\" data-element_type=\"widget\" data-settings=\"{&quot;_animation&quot;:&quot;fadeInUp&quot;}\" data-widget_type=\"text-editor.default\">\n\t\t\t\t\t\t\t\t\tEn Zebra Inversi\u00f3n, nos apasiona ayudarte a encontrar la propiedad perfecta. Con a\u00f1os de experiencia en el mercado inmobiliario, te ofrecemos un servicio personalizado y cercano.\t\t\t\t\t\t\t\t<\/div>\n\t\t<div class=\"elementor-element elementor-element-18aa8c86 e-con-full e-flex e-con e-child\" data-id=\"18aa8c86\" data-element_type=\"container\">\n\t\t<div class=\"elementor-element elementor-element-513725da e-con-full e-flex e-con e-child\" data-id=\"513725da\" data-element_type=\"container\">\n\t\t\t\t<div class=\"elementor-element elementor-element-71ff0a1c elementor-widget__width-initial elementor-widget-mobile__width-inherit elementor-widget-tablet__width-initial elementor-widget elementor-widget-counter\" data-id=\"71ff0a1c\" data-element_type=\"widget\" data-widget_type=\"counter.default\">\n\t\t\t\t\t\t\t<div class=\"elementor-counter\">\n\t\t\t<div class=\"elementor-counter-title\">Clientes satisfechos<\/div>\t\t\t<div class=\"elementor-counter-number-wrapper\">\n\t\t\t\t<span class=\"elementor-counter-number-prefix\"><\/span>\n\t\t\t\t<span class=\"elementor-counter-number\" data-duration=\"2000\" data-to-value=\"95\" data-from-value=\"0\">0<\/span>\n\t\t\t\t<span class=\"elementor-counter-number-suffix\"> %<\/span>\n\t\t\t<\/div>\n\t\t<\/div>\n\t\t\t\t\t\t<\/div>\n\t\t\t\t<\/div>\n\t\t<div class=\"elementor-element elementor-element-2c786a1b e-con-full e-flex e-con e-child\" data-id=\"2c786a1b\" data-element_type=\"container\">\n\t\t\t\t<div class=\"elementor-element elementor-element-3f40a66a elementor-widget__width-initial elementor-widget-mobile__width-inherit elementor-widget-tablet__width-initial elementor-widget elementor-widget-counter\" data-id=\"3f40a66a\" data-element_type=\"widget\" data-widget_type=\"counter.default\">\n\t\t\t\t\t\t\t<div class=\"elementor-counter\">\n\t\t\t<div class=\"elementor-counter-title\">Experiencia<\/div>\t\t\t<div class=\"elementor-counter-number-wrapper\">\n\t\t\t\t<span class=\"elementor-counter-number-prefix\"><\/span>\n\t\t\t\t<span class=\"elementor-counter-number\" data-duration=\"2000\" data-to-value=\"15\" data-from-value=\"0\">0<\/span>\n\t\t\t\t<span class=\"elementor-counter-number-suffix\"> a\u00f1os<\/span>\n\t\t\t<\/div>\n\t\t<\/div>\n\t\t\t\t\t\t<\/div>\n\t\t\t\t<\/div>\n\t\t\t\t<\/div>\n\t\t\t\t\t<\/div>\n\t\t\t\t<\/div>\n\t\t<div class=\"elementor-element elementor-element-wk7otf4d twbb_section e-flex e-con-boxed e-con e-parent\" data-id=\"wk7otf4d\" data-element_type=\"container\" id=\"about-zebra-inversion\">\n\t\t\t\t\t<div class=\"e-con-inner\">\n\t\t<div class=\"elementor-element elementor-element-scawfx3r e-con-full e-flex e-con e-child\" data-id=\"scawfx3r\" data-element_type=\"container\">\n\t\t\t\t<div class=\"elementor-element elementor-element-yx7lzke3 elementor-widget__width-initial elementor-widget-mobile__width-inherit elementor-widget-tablet__width-initial elementor-invisible elementor-widget elementor-widget-heading\" data-id=\"yx7lzke3\" data-element_type=\"widget\" data-settings=\"{&quot;_animation&quot;:&quot;fadeInUp&quot;}\" data-widget_type=\"heading.default\">\n\t\t\t\t\t<h2 class=\"elementor-heading-title elementor-size-default\">Sobre Nosotros<\/h2>\t\t\t\t<\/div>\n\t\t\t\t<div class=\"elementor-element elementor-element-j00a8vg6 elementor-widget__width-initial elementor-widget-mobile__width-inherit elementor-widget-tablet__width-initial elementor-invisible elementor-widget elementor-widget-text-editor\" data-id=\"j00a8vg6\" data-element_type=\"widget\" data-settings=\"{&quot;_animation&quot;:&quot;fadeInUp&quot;}\" data-widget_type=\"text-editor.default\">\n\t\t\t\t\t\t\t\t\tZebra Inversion es una empresa de bienes ra\u00edces de confianza, dedicada a ayudar a los clientes a encontrar la propiedad perfecta. Con a\u00f1os de experiencia, nuestro equipo se especializa en bienes ra\u00edces residenciales y comerciales, ofreciendo un servicio personalizado y asesoramiento experto. Estamos comprometidos con la transparencia, la integridad y la excelencia, asegurando una experiencia fluida desde la b\u00fasqueda de la propiedad hasta el cierre. Ya sea que est\u00e9 comprando, vendiendo o alquilando, Zebra Inversion es su socio confiable en el mercado inmobiliario.\t\t\t\t\t\t\t\t<\/div>\n\t\t\t\t<\/div>\n\t\t\t\t<div class=\"elementor-element elementor-element-byvi5tle elementor-widget__width-initial elementor-widget-mobile__width-inherit elementor-widget-tablet__width-initial elementor-widget elementor-widget-image\" data-id=\"byvi5tle\" data-element_type=\"widget\" data-widget_type=\"image.default\">\n\t\t\t\t\t\t\t\t\t\t\t\t\t\t\t<img fetchpriority=\"high\" decoding=\"async\" width=\"1024\" height=\"576\" src=\"https:\/\/zebrainversion.com\/wp-content\/uploads\/2026\/03\/tenweb_media_sudg4nn2x.webp\" class=\"attachment-full size-full wp-image-155\" alt=\"\" srcset=\"https:\/\/zebrainversion.com\/wp-content\/uploads\/2026\/03\/tenweb_media_sudg4nn2x.webp 1024w, https:\/\/zebrainversion.com\/wp-content\/uploads\/2026\/03\/tenweb_media_sudg4nn2x-768x432.webp 768w\" sizes=\"(max-width: 1024px) 100vw, 1024px\" \/>\t\t\t\t\t\t\t\t\t\t\t\t\t\t\t<\/div>\n\t\t\t\t\t<\/div>\n\t\t\t\t<\/div>\n\t\t<div class=\"elementor-element elementor-element-avo1nuri twbb_section e-flex e-con-boxed e-con e-parent\" data-id=\"avo1nuri\" data-element_type=\"container\" id=\"our-mission-and-values\">\n\t\t\t\t\t<div class=\"e-con-inner\">\n\t\t<div class=\"elementor-element elementor-element-0najnpgj e-con-full e-flex e-con e-child\" data-id=\"0najnpgj\" data-element_type=\"container\">\n\t\t\t\t<div class=\"elementor-element elementor-element-me93lcw7 elementor-widget__width-initial elementor-widget-mobile__width-inherit elementor-widget-tablet__width-initial elementor-invisible elementor-widget elementor-widget-heading\" data-id=\"me93lcw7\" data-element_type=\"widget\" data-settings=\"{&quot;_animation&quot;:&quot;fadeInUp&quot;}\" data-widget_type=\"heading.default\">\n\t\t\t\t\t<h2 class=\"elementor-heading-title elementor-size-default\">Nuestra Misi\u00f3n y Valores Fundamentales<\/h2>\t\t\t\t<\/div>\n\t\t\t\t<div class=\"elementor-element elementor-element-wmgefsqp elementor-widget__width-initial elementor-widget-mobile__width-inherit elementor-widget-tablet__width-initial elementor-invisible elementor-widget elementor-widget-text-editor\" data-id=\"wmgefsqp\" data-element_type=\"widget\" data-settings=\"{&quot;_animation&quot;:&quot;fadeInUp&quot;}\" data-widget_type=\"text-editor.default\">\n\t\t\t\t\t\t\t\t\tEn Zebra Inversion, nuestra misi\u00f3n es proporcionar servicios inmobiliarios excepcionales que ayuden a los clientes a encontrar la propiedad perfecta. Estamos comprometidos con la integridad, la transparencia y la excelencia en cada transacci\u00f3n. Nuestros valores nos gu\u00edan para construir relaciones duraderas y ofrecer resultados sobresalientes adaptados a las necesidades de cada cliente.\t\t\t\t\t\t\t\t<\/div>\n\t\t\t\t<\/div>\n\t\t\t\t<div class=\"elementor-element elementor-element-3pjzpsaz elementor-widget__width-initial elementor-widget-mobile__width-inherit elementor-widget-tablet__width-initial elementor-widget elementor-widget-image\" data-id=\"3pjzpsaz\" data-element_type=\"widget\" data-widget_type=\"image.default\">\n\t\t\t\t\t\t\t\t\t\t\t\t\t\t\t<img decoding=\"async\" width=\"1820\" height=\"1024\" src=\"https:\/\/zebrainversion.com\/wp-content\/uploads\/2026\/03\/tenweb_media_ssdmvbver.webp\" class=\"attachment-full size-full wp-image-161\" alt=\"\" srcset=\"https:\/\/zebrainversion.com\/wp-content\/uploads\/2026\/03\/tenweb_media_ssdmvbver.webp 1820w, https:\/\/zebrainversion.com\/wp-content\/uploads\/2026\/03\/tenweb_media_ssdmvbver-768x432.webp 768w\" sizes=\"(max-width: 1820px) 100vw, 1820px\" \/>\t\t\t\t\t\t\t\t\t\t\t\t\t\t\t<\/div>\n\t\t\t\t\t<\/div>\n\t\t\t\t<\/div>\n\t\t<div class=\"elementor-element elementor-element-mshlj8xl twbb_section e-flex e-con-boxed e-con e-parent\" data-id=\"mshlj8xl\" data-element_type=\"container\" id=\"get-in-touch\" data-settings=\"{&quot;background_background&quot;:&quot;classic&quot;}\">\n\t\t\t\t\t<div class=\"e-con-inner\">\n\t\t\t\t<div class=\"elementor-element elementor-element-5ssy3wk6 elementor-widget__width-initial elementor-widget-mobile__width-inherit elementor-widget-tablet__width-initial twbb_cta-button-wrapper-center twbb_cta-valign-align-top twbb_cta-button-wrapper-center twbb_cta-button-wrapper-center twbb_cta-position-button-bottom twbb_cta-tablet-position-button-bottom twbb_cta-mobile-position-button-bottom elementor-invisible elementor-widget elementor-widget-twbb_call-to-action\" data-id=\"5ssy3wk6\" data-element_type=\"widget\" data-settings=\"{&quot;_animation&quot;:&quot;fadeInUp&quot;}\" data-widget_type=\"twbb_call-to-action.default\">\n\t\t\t\t<div class=\"elementor-widget-container\">\n\t\t\t\t\t    <div  class=\"twbb_cta-wrapper \">\n      <div class=\"twbb_cta-content-wrapper \">\n    <div class=\"twbb_cta-content-inner\">\n                <h2 class=\"twbb_cta-title\">Cont\u00e1ctanos Hoy<\/h2>\n                    <div class=\"twbb_cta-description\">\u00bfInteresado en nuestras propiedades o servicios? Cont\u00e1ctanos para recibir asesor\u00eda personalizada y descubrir c\u00f3mo podemos ayudarte.<\/div>\n              <\/div>\n    <div class=\"twbb_cta-button-wrapper\">\n        <div class=\"twbb_cta-buttons\">\n              <div class=\"twbb_cta-button-item twbb_cta-button-item__one twbb_cta-button-enable-yes\">\n          <a href=\"#contacto\" class=\"elementor-button twbb_cta-button elementor-size- twbb_cta-button__one\"            >Enviar Consulta<\/a>\n        <\/div>\n                        <\/div>\n    <\/div>\n  <\/div>\n        <\/div>\n\t\t\t\t<\/div>\n\t\t\t\t<\/div>\n\t\t\t\t\t<\/div>\n\t\t\t\t<\/div>\n\t\t\t\t<\/div>\n\t\t","protected":false},"excerpt":{"rendered":"<p>Con\u00f3cenos En Zebra Inversi\u00f3n, nos apasiona ayudarte a encontrar la propiedad perfecta. Con a\u00f1os de experiencia en el mercado inmobiliario, te ofrecemos un servicio personalizado y cercano. Clientes satisfechos 0 % Experiencia 0 a\u00f1os Sobre Nosotros Zebra Inversion es una empresa de bienes ra\u00edces de confianza, dedicada a ayudar a los clientes a encontrar la [&hellip;]<\/p>\n","protected":false},"author":0,"featured_media":0,"parent":0,"menu_order":0,"comment_status":"closed","ping_status":"publish","template":"","meta":{"footnotes":""},"class_list":["post-170","page","type-page","status-publish","hentry"],"yoast_head":"<!-- This site is optimized with the Yoast SEO plugin v27.3 - https:\/\/yoast.com\/product\/yoast-seo-wordpress\/ -->\n<title>Sobre Nosotros - Zebra Inversion: Your Real Estate Partner<\/title>\n<meta name=\"robots\" content=\"index, follow, max-snippet:-1, max-image-preview:large, max-video-preview:-1\" \/>\n<link rel=\"canonical\" href=\"https:\/\/zebrainversion.com\/en\/sobre-nosotros\/\" \/>\n<meta property=\"og:locale\" content=\"en_GB\" \/>\n<meta property=\"og:type\" content=\"article\" \/>\n<meta property=\"og:title\" content=\"Sobre Nosotros - Zebra Inversion: Your Real Estate Partner\" \/>\n<meta property=\"og:description\" content=\"Con\u00f3cenos En Zebra Inversi\u00f3n, nos apasiona ayudarte a encontrar la propiedad perfecta. Con a\u00f1os de experiencia en el mercado inmobiliario, te ofrecemos un servicio personalizado y cercano. Clientes satisfechos 0 % Experiencia 0 a\u00f1os Sobre Nosotros Zebra Inversion es una empresa de bienes ra\u00edces de confianza, dedicada a ayudar a los clientes a encontrar la [&hellip;]\" \/>\n<meta property=\"og:url\" content=\"https:\/\/zebrainversion.com\/en\/sobre-nosotros\/\" \/>\n<meta property=\"og:site_name\" content=\"Zebra Inversion: Your Real Estate Partner\" \/>\n<meta property=\"article:modified_time\" content=\"2026-03-25T19:44:27+00:00\" \/>\n<meta property=\"og:image\" content=\"https:\/\/zebrainversion.com\/wp-content\/uploads\/2026\/03\/tenweb_media_sudg4nn2x.webp\" \/>\n\t<meta property=\"og:image:width\" content=\"1024\" \/>\n\t<meta property=\"og:image:height\" content=\"576\" \/>\n\t<meta property=\"og:image:type\" content=\"image\/webp\" \/>\n<meta name=\"twitter:card\" content=\"summary_large_image\" \/>\n<meta name=\"twitter:label1\" content=\"Estimated reading time\" \/>\n\t<meta name=\"twitter:data1\" content=\"1 minute\" \/>\n<script type=\"application\/ld+json\" class=\"yoast-schema-graph\">{\"@context\":\"https:\\\/\\\/schema.org\",\"@graph\":[{\"@type\":\"WebPage\",\"@id\":\"https:\\\/\\\/zebrainversion.com\\\/sobre-nosotros\\\/\",\"url\":\"https:\\\/\\\/zebrainversion.com\\\/sobre-nosotros\\\/\",\"name\":\"Sobre Nosotros - Zebra Inversion: Your Real Estate Partner\",\"isPartOf\":{\"@id\":\"https:\\\/\\\/zebrainversion.com\\\/#website\"},\"primaryImageOfPage\":{\"@id\":\"https:\\\/\\\/zebrainversion.com\\\/sobre-nosotros\\\/#primaryimage\"},\"image\":{\"@id\":\"https:\\\/\\\/zebrainversion.com\\\/sobre-nosotros\\\/#primaryimage\"},\"thumbnailUrl\":\"https:\\\/\\\/zebrainversion.com\\\/wp-content\\\/uploads\\\/2026\\\/03\\\/tenweb_media_sudg4nn2x.webp\",\"datePublished\":\"2026-03-25T19:09:57+00:00\",\"dateModified\":\"2026-03-25T19:44:27+00:00\",\"breadcrumb\":{\"@id\":\"https:\\\/\\\/zebrainversion.com\\\/sobre-nosotros\\\/#breadcrumb\"},\"inLanguage\":\"en-GB\",\"potentialAction\":[{\"@type\":\"ReadAction\",\"target\":[\"https:\\\/\\\/zebrainversion.com\\\/sobre-nosotros\\\/\"]}]},{\"@type\":\"ImageObject\",\"inLanguage\":\"en-GB\",\"@id\":\"https:\\\/\\\/zebrainversion.com\\\/sobre-nosotros\\\/#primaryimage\",\"url\":\"https:\\\/\\\/zebrainversion.com\\\/wp-content\\\/uploads\\\/2026\\\/03\\\/tenweb_media_sudg4nn2x.webp\",\"contentUrl\":\"https:\\\/\\\/zebrainversion.com\\\/wp-content\\\/uploads\\\/2026\\\/03\\\/tenweb_media_sudg4nn2x.webp\"},{\"@type\":\"BreadcrumbList\",\"@id\":\"https:\\\/\\\/zebrainversion.com\\\/sobre-nosotros\\\/#breadcrumb\",\"itemListElement\":[{\"@type\":\"ListItem\",\"position\":1,\"name\":\"Home\",\"item\":\"https:\\\/\\\/zebrainversion.com\\\/\"},{\"@type\":\"ListItem\",\"position\":2,\"name\":\"Sobre Nosotros\"}]},{\"@type\":\"WebSite\",\"@id\":\"https:\\\/\\\/zebrainversion.com\\\/#website\",\"url\":\"https:\\\/\\\/zebrainversion.com\\\/\",\"name\":\"Zebra Inversion: Your Real Estate Partner\",\"description\":\"\",\"potentialAction\":[{\"@type\":\"SearchAction\",\"target\":{\"@type\":\"EntryPoint\",\"urlTemplate\":\"https:\\\/\\\/zebrainversion.com\\\/?s={search_term_string}\"},\"query-input\":{\"@type\":\"PropertyValueSpecification\",\"valueRequired\":true,\"valueName\":\"search_term_string\"}}],\"inLanguage\":\"en-GB\"}]}<\/script>\n<!-- \/ Yoast SEO plugin. -->","yoast_head_json":{"title":"Sobre Nosotros - Zebra Inversion: Your Real Estate Partner","robots":{"index":"index","follow":"follow","max-snippet":"max-snippet:-1","max-image-preview":"max-image-preview:large","max-video-preview":"max-video-preview:-1"},"canonical":"https:\/\/zebrainversion.com\/en\/sobre-nosotros\/","og_locale":"en_GB","og_type":"article","og_title":"Sobre Nosotros - Zebra Inversion: Your Real Estate Partner","og_description":"Con\u00f3cenos En Zebra Inversi\u00f3n, nos apasiona ayudarte a encontrar la propiedad perfecta. Con a\u00f1os de experiencia en el mercado inmobiliario, te ofrecemos un servicio personalizado y cercano. Clientes satisfechos 0 % Experiencia 0 a\u00f1os Sobre Nosotros Zebra Inversion es una empresa de bienes ra\u00edces de confianza, dedicada a ayudar a los clientes a encontrar la [&hellip;]","og_url":"https:\/\/zebrainversion.com\/en\/sobre-nosotros\/","og_site_name":"Zebra Inversion: Your Real Estate Partner","article_modified_time":"2026-03-25T19:44:27+00:00","og_image":[{"width":1024,"height":576,"url":"https:\/\/zebrainversion.com\/wp-content\/uploads\/2026\/03\/tenweb_media_sudg4nn2x.webp","type":"image\/webp"}],"twitter_card":"summary_large_image","twitter_misc":{"Estimated reading time":"1 minute"},"schema":{"@context":"https:\/\/schema.org","@graph":[{"@type":"WebPage","@id":"https:\/\/zebrainversion.com\/sobre-nosotros\/","url":"https:\/\/zebrainversion.com\/sobre-nosotros\/","name":"Sobre Nosotros - Zebra Inversion: Your Real Estate Partner","isPartOf":{"@id":"https:\/\/zebrainversion.com\/#website"},"primaryImageOfPage":{"@id":"https:\/\/zebrainversion.com\/sobre-nosotros\/#primaryimage"},"image":{"@id":"https:\/\/zebrainversion.com\/sobre-nosotros\/#primaryimage"},"thumbnailUrl":"https:\/\/zebrainversion.com\/wp-content\/uploads\/2026\/03\/tenweb_media_sudg4nn2x.webp","datePublished":"2026-03-25T19:09:57+00:00","dateModified":"2026-03-25T19:44:27+00:00","breadcrumb":{"@id":"https:\/\/zebrainversion.com\/sobre-nosotros\/#breadcrumb"},"inLanguage":"en-GB","potentialAction":[{"@type":"ReadAction","target":["https:\/\/zebrainversion.com\/sobre-nosotros\/"]}]},{"@type":"ImageObject","inLanguage":"en-GB","@id":"https:\/\/zebrainversion.com\/sobre-nosotros\/#primaryimage","url":"https:\/\/zebrainversion.com\/wp-content\/uploads\/2026\/03\/tenweb_media_sudg4nn2x.webp","contentUrl":"https:\/\/zebrainversion.com\/wp-content\/uploads\/2026\/03\/tenweb_media_sudg4nn2x.webp"},{"@type":"BreadcrumbList","@id":"https:\/\/zebrainversion.com\/sobre-nosotros\/#breadcrumb","itemListElement":[{"@type":"ListItem","position":1,"name":"Home","item":"https:\/\/zebrainversion.com\/"},{"@type":"ListItem","position":2,"name":"Sobre Nosotros"}]},{"@type":"WebSite","@id":"https:\/\/zebrainversion.com\/#website","url":"https:\/\/zebrainversion.com\/","name":"Zebra Inversion: Your Real Estate Partner","description":"","potentialAction":[{"@type":"SearchAction","target":{"@type":"EntryPoint","urlTemplate":"https:\/\/zebrainversion.com\/?s={search_term_string}"},"query-input":{"@type":"PropertyValueSpecification","valueRequired":true,"valueName":"search_term_string"}}],"inLanguage":"en-GB"}]}},"_links":{"self":[{"href":"https:\/\/zebrainversion.com\/en\/wp-json\/wp\/v2\/pages\/170","targetHints":{"allow":["GET"]}}],"collection":[{"href":"https:\/\/zebrainversion.com\/en\/wp-json\/wp\/v2\/pages"}],"about":[{"href":"https:\/\/zebrainversion.com\/en\/wp-json\/wp\/v2\/types\/page"}],"replies":[{"embeddable":true,"href":"https:\/\/zebrainversion.com\/en\/wp-json\/wp\/v2\/comments?post=170"}],"version-history":[{"count":7,"href":"https:\/\/zebrainversion.com\/en\/wp-json\/wp\/v2\/pages\/170\/revisions"}],"predecessor-version":[{"id":271,"href":"https:\/\/zebrainversion.com\/en\/wp-json\/wp\/v2\/pages\/170\/revisions\/271"}],"wp:attachment":[{"href":"https:\/\/zebrainversion.com\/en\/wp-json\/wp\/v2\/media?parent=170"}],"curies":[{"name":"wp","href":"https:\/\/api.w.org\/{rel}","templated":true}]}}